{"id":770,"date":"2025-02-13T18:33:42","date_gmt":"2025-02-13T18:33:42","guid":{"rendered":"https:\/\/www.sounddesignerssas.com\/lessons\/"},"modified":"2025-03-12T02:56:43","modified_gmt":"2025-03-12T02:56:43","slug":"lessons","status":"publish","type":"page","link":"https:\/\/www.sounddesignerssas.com\/en\/lessons\/","title":{"rendered":"Services"},"content":{"rendered":"<div data-elementor-type=\"wp-page\" data-elementor-id=\"770\" class=\"elementor elementor-770\">\n\t\t\t\t<div class=\"elementor-element elementor-element-9f863a2 e-con-full e-flex e-con e-parent\" data-id=\"9f863a2\" data-element_type=\"container\" data-e-type=\"container\" data-settings=\"{&quot;background_background&quot;:&quot;classic&quot;,&quot;shape_divider_bottom&quot;:&quot;tilt&quot;}\">\n\t\t\t\t<div class=\"elementor-shape elementor-shape-bottom\" aria-hidden=\"true\" data-negative=\"false\">\n\t\t\t<svg xmlns=\"http:\/\/www.w3.org\/2000\/svg\" viewbox=\"0 0 1000 100\" preserveaspectratio=\"none\">\n\t<path class=\"elementor-shape-fill\" d=\"M0,6V0h1000v100L0,6z\"\/>\n<\/svg>\t\t<\/div>\n\t\t<div class=\"elementor-element elementor-element-8c0bb80 e-con-full e-flex e-con e-child\" data-id=\"8c0bb80\" data-element_type=\"container\" data-e-type=\"container\">\n\t\t\t\t<\/div>\n\t\t\t\t<\/div>\n\t\t<div class=\"elementor-element elementor-element-d60166b e-con-full e-flex e-con e-parent\" data-id=\"d60166b\" data-element_type=\"container\" data-e-type=\"container\">\n\t\t\t\t<div class=\"elementor-element elementor-element-a75e372 elementor-widget elementor-widget-icon-box\" data-id=\"a75e372\" data-element_type=\"widget\" data-e-type=\"widget\" data-widget_type=\"icon-box.default\">\n\t\t\t\t<div class=\"elementor-widget-container\">\n\t\t\t\t\t\t\t<div class=\"elementor-icon-box-wrapper\">\n\n\t\t\t\n\t\t\t\t\t\t<div class=\"elementor-icon-box-content\">\n\n\t\t\t\t\t\t\t\t\t<h1 class=\"elementor-icon-box-title\">\n\t\t\t\t\t\t<span  >\n\t\t\t\t\t\t\tSERVICE PORTFOLIO\t\t\t\t\t\t<\/span>\n\t\t\t\t\t<\/h1>\n\t\t\t\t\n\t\t\t\t\t\t\t\t\t<p class=\"elementor-icon-box-description\">\n\t\t\t\t\t\tSound that transforms. Audio post-production with dolby atmos and meyer sound technology, unique in Latin America.\t\t\t\t\t<\/p>\n\t\t\t\t\n\t\t\t<\/div>\n\t\t\t\n\t\t<\/div>\n\t\t\t\t\t\t<\/div>\n\t\t\t\t<\/div>\n\t\t\t\t<\/div>\n\t\t<div class=\"elementor-element elementor-element-26f4d6e e-con-full e-flex e-con e-parent\" data-id=\"26f4d6e\" data-element_type=\"container\" data-e-type=\"container\" data-settings=\"{&quot;background_background&quot;:&quot;classic&quot;}\">\n\t\t\t\t<\/div>\n\t\t<div class=\"elementor-element elementor-element-4a96692 e-flex e-con-boxed e-con e-parent\" data-id=\"4a96692\" data-element_type=\"container\" data-e-type=\"container\" data-settings=\"{&quot;background_background&quot;:&quot;classic&quot;}\">\n\t\t\t\t\t<div class=\"e-con-inner\">\n\t\t\t\t\t<\/div>\n\t\t\t\t<\/div>\n\t\t<div class=\"elementor-element elementor-element-a4334a5 e-flex e-con-boxed e-con e-parent\" data-id=\"a4334a5\" data-element_type=\"container\" data-e-type=\"container\" data-settings=\"{&quot;background_background&quot;:&quot;classic&quot;}\">\n\t\t\t\t\t<div class=\"e-con-inner\">\n\t\t<div class=\"elementor-element elementor-element-e5d5d09 e-con-full e-flex e-con e-child\" data-id=\"e5d5d09\" data-element_type=\"container\" data-e-type=\"container\">\n\t\t\t\t<div class=\"elementor-element elementor-element-3edecef elementor-position-left elementor-vertical-align-middle elementor-widget elementor-widget-image-box\" data-id=\"3edecef\" data-element_type=\"widget\" data-e-type=\"widget\" data-widget_type=\"image-box.default\">\n\t\t\t\t<div class=\"elementor-widget-container\">\n\t\t\t\t\t<div class=\"elementor-image-box-wrapper\"><figure class=\"elementor-image-box-img\"><img fetchpriority=\"high\" decoding=\"async\" width=\"1200\" height=\"1600\" src=\"https:\/\/www.sounddesignerssas.com\/wp-content\/uploads\/2025\/02\/ESTUDIO-SOUND-DESIGNERS-6-MONTAJE.jpg\" class=\"attachment-full size-full wp-image-1476\" alt=\"\" srcset=\"https:\/\/www.sounddesignerssas.com\/wp-content\/uploads\/2025\/02\/ESTUDIO-SOUND-DESIGNERS-6-MONTAJE.jpg 1200w, https:\/\/www.sounddesignerssas.com\/wp-content\/uploads\/2025\/02\/ESTUDIO-SOUND-DESIGNERS-6-MONTAJE-225x300.jpg 225w, https:\/\/www.sounddesignerssas.com\/wp-content\/uploads\/2025\/02\/ESTUDIO-SOUND-DESIGNERS-6-MONTAJE-768x1024.jpg 768w, https:\/\/www.sounddesignerssas.com\/wp-content\/uploads\/2025\/02\/ESTUDIO-SOUND-DESIGNERS-6-MONTAJE-1152x1536.jpg 1152w\" sizes=\"(max-width: 1200px) 100vw, 1200px\" \/><\/figure><div class=\"elementor-image-box-content\"><h6 class=\"elementor-image-box-title\">VOICE BLENDING<\/h6><p class=\"elementor-image-box-description\">Our voice blending service is designed to give presence, depth and balance to every word, ensuring that the message comes through with clarity, impact and emotion.\n<\/p><\/div><\/div>\t\t\t\t<\/div>\n\t\t\t\t<\/div>\n\t\t\t\t<\/div>\n\t\t<div class=\"elementor-element elementor-element-f82a05f e-con-full e-flex e-con e-child\" data-id=\"f82a05f\" data-element_type=\"container\" data-e-type=\"container\">\n\t\t\t\t<div class=\"elementor-element elementor-element-0f093f8 elementor-position-left elementor-vertical-align-middle elementor-widget elementor-widget-image-box\" data-id=\"0f093f8\" data-element_type=\"widget\" data-e-type=\"widget\" data-widget_type=\"image-box.default\">\n\t\t\t\t<div class=\"elementor-widget-container\">\n\t\t\t\t\t<div class=\"elementor-image-box-wrapper\"><figure class=\"elementor-image-box-img\"><img decoding=\"async\" width=\"1200\" height=\"1600\" src=\"https:\/\/www.sounddesignerssas.com\/wp-content\/uploads\/2025\/02\/7ec2a196-13cf-4421-89fe-bf44ebd95140-1.webp\" class=\"attachment-full size-full wp-image-1202\" alt=\"\" srcset=\"https:\/\/www.sounddesignerssas.com\/wp-content\/uploads\/2025\/02\/7ec2a196-13cf-4421-89fe-bf44ebd95140-1.webp 1200w, https:\/\/www.sounddesignerssas.com\/wp-content\/uploads\/2025\/02\/7ec2a196-13cf-4421-89fe-bf44ebd95140-1-225x300.webp 225w, https:\/\/www.sounddesignerssas.com\/wp-content\/uploads\/2025\/02\/7ec2a196-13cf-4421-89fe-bf44ebd95140-1-768x1024.webp 768w, https:\/\/www.sounddesignerssas.com\/wp-content\/uploads\/2025\/02\/7ec2a196-13cf-4421-89fe-bf44ebd95140-1-1152x1536.webp 1152w\" sizes=\"(max-width: 1200px) 100vw, 1200px\" \/><\/figure><div class=\"elementor-image-box-content\"><h6 class=\"elementor-image-box-title\"> SOUNDTRACKING<\/h6><p class=\"elementor-image-box-description\">Our sound service is designed to create rich, immersive sound environments that are perfectly synchronized with the visual narrative, ensuring a deep emotional connection with the viewer.<\/p><\/div><\/div>\t\t\t\t<\/div>\n\t\t\t\t<\/div>\n\t\t\t\t<\/div>\n\t\t<div class=\"elementor-element elementor-element-504be7f e-con-full e-flex e-con e-child\" data-id=\"504be7f\" data-element_type=\"container\" data-e-type=\"container\">\n\t\t\t\t<div class=\"elementor-element elementor-element-e9447eb elementor-position-left elementor-vertical-align-middle elementor-widget elementor-widget-image-box\" data-id=\"e9447eb\" data-element_type=\"widget\" data-e-type=\"widget\" data-widget_type=\"image-box.default\">\n\t\t\t\t<div class=\"elementor-widget-container\">\n\t\t\t\t\t<div class=\"elementor-image-box-wrapper\"><figure class=\"elementor-image-box-img\"><img decoding=\"async\" width=\"1200\" height=\"1600\" src=\"https:\/\/www.sounddesignerssas.com\/wp-content\/uploads\/2025\/02\/1357898f-53fd-4d2c-8239-ffc772468423-1.webp\" class=\"attachment-full size-full wp-image-1205\" alt=\"\" srcset=\"https:\/\/www.sounddesignerssas.com\/wp-content\/uploads\/2025\/02\/1357898f-53fd-4d2c-8239-ffc772468423-1.webp 1200w, https:\/\/www.sounddesignerssas.com\/wp-content\/uploads\/2025\/02\/1357898f-53fd-4d2c-8239-ffc772468423-1-225x300.webp 225w, https:\/\/www.sounddesignerssas.com\/wp-content\/uploads\/2025\/02\/1357898f-53fd-4d2c-8239-ffc772468423-1-768x1024.webp 768w, https:\/\/www.sounddesignerssas.com\/wp-content\/uploads\/2025\/02\/1357898f-53fd-4d2c-8239-ffc772468423-1-1152x1536.webp 1152w\" sizes=\"(max-width: 1200px) 100vw, 1200px\" \/><\/figure><div class=\"elementor-image-box-content\"><h6 class=\"elementor-image-box-title\">MUSICALIZATION<\/h6><p class=\"elementor-image-box-description\">Our musicalization service is based on precise conceptual synchronization, where each chord, rhythm and melody is strategically selected to amplify the emotion, reinforce the message and immerse the viewer in the story.<\/p><\/div><\/div>\t\t\t\t<\/div>\n\t\t\t\t<\/div>\n\t\t\t\t<\/div>\n\t\t\t\t\t<\/div>\n\t\t\t\t<\/div>\n\t\t<div class=\"elementor-element elementor-element-1f81a73 e-flex e-con-boxed e-con e-parent\" data-id=\"1f81a73\" data-element_type=\"container\" data-e-type=\"container\" data-settings=\"{&quot;background_background&quot;:&quot;classic&quot;}\">\n\t\t\t\t\t<div class=\"e-con-inner\">\n\t\t<div class=\"elementor-element elementor-element-db3a635 e-con-full e-flex e-con e-child\" data-id=\"db3a635\" data-element_type=\"container\" data-e-type=\"container\">\n\t\t\t\t<\/div>\n\t\t<div class=\"elementor-element elementor-element-272063b e-con-full e-flex e-con e-child\" data-id=\"272063b\" data-element_type=\"container\" data-e-type=\"container\">\n\t\t\t\t<div class=\"elementor-element elementor-element-cc470f9 elementor-position-left elementor-vertical-align-middle elementor-widget elementor-widget-image-box\" data-id=\"cc470f9\" data-element_type=\"widget\" data-e-type=\"widget\" data-widget_type=\"image-box.default\">\n\t\t\t\t<div class=\"elementor-widget-container\">\n\t\t\t\t\t<div class=\"elementor-image-box-wrapper\"><figure class=\"elementor-image-box-img\"><img loading=\"lazy\" decoding=\"async\" width=\"1200\" height=\"1600\" src=\"https:\/\/www.sounddesignerssas.com\/wp-content\/uploads\/2025\/02\/7ed2c16a-c060-45f2-9bd7-5be22428c00b.webp\" class=\"attachment-full size-full wp-image-1203\" alt=\"\" srcset=\"https:\/\/www.sounddesignerssas.com\/wp-content\/uploads\/2025\/02\/7ed2c16a-c060-45f2-9bd7-5be22428c00b.webp 1200w, https:\/\/www.sounddesignerssas.com\/wp-content\/uploads\/2025\/02\/7ed2c16a-c060-45f2-9bd7-5be22428c00b-225x300.webp 225w, https:\/\/www.sounddesignerssas.com\/wp-content\/uploads\/2025\/02\/7ed2c16a-c060-45f2-9bd7-5be22428c00b-768x1024.webp 768w, https:\/\/www.sounddesignerssas.com\/wp-content\/uploads\/2025\/02\/7ed2c16a-c060-45f2-9bd7-5be22428c00b-1152x1536.webp 1152w\" sizes=\"(max-width: 1200px) 100vw, 1200px\" \/><\/figure><div class=\"elementor-image-box-content\"><h6 class=\"elementor-image-box-title\">MIX<\/h6><p class=\"elementor-image-box-description\">Our audio mixing service ensures that every element - from a whisper to a thunderous door slam - sounds with perfect intensity and clarity, achieving total harmony between dialogue, music, effects and ambience.<\/p><\/div><\/div>\t\t\t\t<\/div>\n\t\t\t\t<\/div>\n\t\t\t\t<\/div>\n\t\t<div class=\"elementor-element elementor-element-6cba810 e-con-full e-flex e-con e-child\" data-id=\"6cba810\" data-element_type=\"container\" data-e-type=\"container\">\n\t\t\t\t<\/div>\n\t\t\t\t\t<\/div>\n\t\t\t\t<\/div>\n\t\t\t\t<\/div>","protected":false},"excerpt":{"rendered":"<p>PORTAFOLIO DE SERVICIOS Sonido que transforma. Post-producci\u00f3n de audio con tecnolog\u00eda dolby atmos y meyer sound, \u00fanica en latinoam\u00e9rica MEZCLA DE VOCES Nuestro servicio de mezcla de voces est\u00e1 dise\u00f1ado para darle presencia, profundidad y equilibrio a cada palabra, asegurando que el mensaje llegue con claridad, impacto y emoci\u00f3n. SONORIZACI\u00d3N Nuestro servicio de sonorizaci\u00f3n est\u00e1 [&hellip;]<\/p>\n","protected":false},"author":1,"featured_media":0,"parent":0,"menu_order":0,"comment_status":"closed","ping_status":"closed","template":"","meta":{"site-sidebar-layout":"no-sidebar","site-content-layout":"page-builder","ast-site-content-layout":"","site-content-style":"default","site-sidebar-style":"default","ast-global-header-display":"","ast-banner-title-visibility":"","ast-main-header-display":"","ast-hfb-above-header-display":"","ast-hfb-below-header-display":"","ast-hfb-mobile-header-display":"","site-post-title":"disabled","ast-breadcrumbs-content":"disabled","ast-featured-img":"disabled","footer-sml-layout":"","theme-transparent-header-meta":"enabled","adv-header-id-meta":"","stick-header-meta":"","header-above-stick-meta":"","header-main-stick-meta":"","header-below-stick-meta":"","astra-migrate-meta-layouts":"default","ast-page-background-enabled":"default","ast-page-background-meta":{"desktop":{"background-color":"","background-image":"","background-repeat":"repeat","background-position":"center center","background-size":"auto","background-attachment":"scroll","background-type":"","background-media":"","overlay-type":"","overlay-color":"","overlay-opacity":"","overlay-gradient":""},"tablet":{"background-color":"","background-image":"","background-repeat":"repeat","background-position":"center center","background-size":"auto","background-attachment":"scroll","background-type":"","background-media":"","overlay-type":"","overlay-color":"","overlay-opacity":"","overlay-gradient":""},"mobile":{"background-color":"","background-image":"","background-repeat":"repeat","background-position":"center center","background-size":"auto","background-attachment":"scroll","background-type":"","background-media":"","overlay-type":"","overlay-color":"","overlay-opacity":"","overlay-gradient":""}},"ast-content-background-meta":{"desktop":{"background-color":"var(--ast-global-color-5)","background-image":"","background-repeat":"repeat","background-position":"center center","background-size":"auto","background-attachment":"scroll","background-type":"","background-media":"","overlay-type":"","overlay-color":"","overlay-opacity":"","overlay-gradient":""},"tablet":{"background-color":"var(--ast-global-color-5)","background-image":"","background-repeat":"repeat","background-position":"center center","background-size":"auto","background-attachment":"scroll","background-type":"","background-media":"","overlay-type":"","overlay-color":"","overlay-opacity":"","overlay-gradient":""},"mobile":{"background-color":"var(--ast-global-color-5)","background-image":"","background-repeat":"repeat","background-position":"center center","background-size":"auto","background-attachment":"scroll","background-type":"","background-media":"","overlay-type":"","overlay-color":"","overlay-opacity":"","overlay-gradient":""}},"_joinchat":[],"footnotes":""},"class_list":["post-770","page","type-page","status-publish","hentry"],"_links":{"self":[{"href":"https:\/\/www.sounddesignerssas.com\/en\/wp-json\/wp\/v2\/pages\/770","targetHints":{"allow":["GET"]}}],"collection":[{"href":"https:\/\/www.sounddesignerssas.com\/en\/wp-json\/wp\/v2\/pages"}],"about":[{"href":"https:\/\/www.sounddesignerssas.com\/en\/wp-json\/wp\/v2\/types\/page"}],"author":[{"embeddable":true,"href":"https:\/\/www.sounddesignerssas.com\/en\/wp-json\/wp\/v2\/users\/1"}],"replies":[{"embeddable":true,"href":"https:\/\/www.sounddesignerssas.com\/en\/wp-json\/wp\/v2\/comments?post=770"}],"version-history":[{"count":34,"href":"https:\/\/www.sounddesignerssas.com\/en\/wp-json\/wp\/v2\/pages\/770\/revisions"}],"predecessor-version":[{"id":2309,"href":"https:\/\/www.sounddesignerssas.com\/en\/wp-json\/wp\/v2\/pages\/770\/revisions\/2309"}],"wp:attachment":[{"href":"https:\/\/www.sounddesignerssas.com\/en\/wp-json\/wp\/v2\/media?parent=770"}],"curies":[{"name":"wp","href":"https:\/\/api.w.org\/{rel}","templated":true}]}}